{"id":209,"date":"2016-04-09T14:35:08","date_gmt":"2016-04-09T14:35:08","guid":{"rendered":"http:\/\/113.190.42.11:8182\/cewafo\/?page_id=209"},"modified":"2025-01-06T11:32:57","modified_gmt":"2025-01-06T04:32:57","slug":"gioi-thieu-trung-tam","status":"publish","type":"page","link":"https:\/\/dangtrung.io.vn\/en\/gioi-thieu-trung-tam\/","title":{"rendered":"Introduction"},"content":{"rendered":"<p><\/p>\n<p style=\"text-align: center;\"><strong>Introduce:<\/strong><\/p>\n<p style=\"text-align: left;\">Center for Water Resources Warning\u00a0and Forecasting is belong to National Center for Water Resources Planning and Investigation (NAWAPI) . The\u00a0Centre has function of technical management on\u00a0National water resources monitoring network,\u00a0update data, manage Water resources monitoring\u00a0database; supply and exchange information,\u00a0announcement, warning and prediction of water\u00a0resources in whole country.\u00a0The Centre can sign water resources\u00a0consultal and relating consunytal serveices with\u00a0organisation and person in Viet Nam and in\u00a0abroad.<br \/>\n<strong>Vietnamese <span class=\"alt-edited\" tabindex=\"-1\" contenteditable=\"false\">Transaction name<\/span>:<\/strong>\u00a0Trung t\u00e2m C\u1ea3nh b\u00e1o v\u00e0 D\u1ef1 b\u00e1o t\u00e0i nguy\u00ean n\u01b0\u1edbc<br \/>\n<strong>English <span class=\"alt-edited\" tabindex=\"-1\" contenteditable=\"false\">Transaction name<\/span>:\u00a0<\/strong>Center for Water Resources Warning and Forecast (CEWAFO)<br \/>\n<strong>Add:\u00a0<\/strong>Num 93\/95 V\u0169 Xu\u00e2n Thi\u1ec1u, Ph\u00fac L\u1ee3i <span class=\"alt-edited\" tabindex=\"-1\" contenteditable=\"false\">Ward<\/span>, Long Bi\u00ean Districts, H\u00e0 N\u1ed9i capital<br \/>\n<strong>Tel:<\/strong> 043 7558782<br \/>\n<strong>Fax:\u00a0<\/strong>0437560034<br \/>\n<strong>Email:<\/strong> <a href=\"mailto:vtttcbdbtnn@monre.gov.vn\">vtttcbdbtnn@monre.gov.vn<\/a><br \/>\n<strong>Tax:<\/strong> 0102818468-001<br \/>\n<strong> <span tabindex=\"-1\" contenteditable=\"false\">Bank account<\/span>:<\/strong> 1511 0000 444 936 at Stock Commercial Bank for Investment and Development of Vietnam (BIDV)<\/p>\n<p>","protected":false},"excerpt":{"rendered":"<p>Introduce: Center for Water Resources Warning\u00a0and Forecasting is belong to National Center for Water Resources Planning and Investigation (NAWAPI) . The\u00a0Centre has function of technical management on\u00a0National water resources monitoring network,\u00a0update data, manage Water resources monitoring\u00a0database; supply and exchange information,\u00a0announcement, warning and prediction of water\u00a0resources in whole country.\u00a0The Centre can sign water resources\u00a0consultal and relating consunytal serveices with\u00a0organisation and person in Viet Nam and in\u00a0abroad. Vietnamese Transaction name:\u00a0Trung t\u00e2m C\u1ea3nh b\u00e1o v\u00e0 D\u1ef1 b\u00e1o t\u00e0i nguy\u00ean n\u01b0\u1edbc English Transaction name:\u00a0Center for Water Resources Warning and Forecast (CEWAFO) Add:\u00a0Num 93\/95 V\u0169 Xu\u00e2n Thi\u1ec1u, Ph\u00fac L\u1ee3i Ward, Long Bi\u00ean Districts, H\u00e0 N\u1ed9i <\/p>\n","protected":false},"author":1,"featured_media":0,"parent":0,"menu_order":0,"comment_status":"closed","ping_status":"closed","template":"","meta":{"footnotes":""},"_links":{"self":[{"href":"https:\/\/dangtrung.io.vn\/en\/wp-json\/wp\/v2\/pages\/209"}],"collection":[{"href":"https:\/\/dangtrung.io.vn\/en\/wp-json\/wp\/v2\/pages"}],"about":[{"href":"https:\/\/dangtrung.io.vn\/en\/wp-json\/wp\/v2\/types\/page"}],"author":[{"embeddable":true,"href":"https:\/\/dangtrung.io.vn\/en\/wp-json\/wp\/v2\/users\/1"}],"replies":[{"embeddable":true,"href":"https:\/\/dangtrung.io.vn\/en\/wp-json\/wp\/v2\/comments?post=209"}],"version-history":[{"count":13,"href":"https:\/\/dangtrung.io.vn\/en\/wp-json\/wp\/v2\/pages\/209\/revisions"}],"predecessor-version":[{"id":3837,"href":"https:\/\/dangtrung.io.vn\/en\/wp-json\/wp\/v2\/pages\/209\/revisions\/3837"}],"wp:attachment":[{"href":"https:\/\/dangtrung.io.vn\/en\/wp-json\/wp\/v2\/media?parent=209"}],"curies":[{"name":"wp","href":"https:\/\/api.w.org\/{rel}","templated":true}]}}