{"id":211,"date":"2016-04-09T14:37:07","date_gmt":"2016-04-09T14:37:07","guid":{"rendered":"http:\/\/113.190.42.11:8182\/cewafo\/?page_id=211"},"modified":"2022-11-24T10:03:06","modified_gmt":"2022-11-24T03:03:06","slug":"chuc-nang-nhiem-vu","status":"publish","type":"page","link":"https:\/\/dangtrung.io.vn\/en\/chuc-nang-nhiem-vu\/","title":{"rendered":"Ch\u1ee9c n\u0103ng &#8211; nhi\u1ec7m v\u1ee5"},"content":{"rendered":"<p><\/p>\n<p align=\"center\"><strong>Nhi\u1ec7m v\u1ee5 ch\u1ee7 y\u1ebfu<\/strong><\/p>\n<p style=\"text-align: justify;\"><strong>1.<\/strong> Tr\u00ecnh T\u1ed5ng Gi\u00e1m \u0111\u1ed1c ch\u01b0\u01a1ng tr\u00ecnh, k\u1ebf ho\u1ea1ch, nhi\u1ec7m v\u1ee5 n\u0103m n\u0103m v\u00e0 h\u00e0ng n\u0103m v\u1ec1 nhi\u1ec7m v\u1ee5 c\u1ea3nh b\u00e1o, d\u1ef1 b\u00e1o t\u00e0i nguy\u00ean n\u01b0\u1edbc, d\u1ef1 b\u00e1o t\u00e1c \u0111\u1ed9ng c\u1ee7a bi\u1ebfn \u0111\u1ed5i kh\u00ed h\u1eadu \u0111\u1ed1i v\u1edbi c\u00e1c ngu\u1ed3n n\u01b0\u1edbc.<br \/>\n<strong>2.<\/strong> Qu\u1ea3n l\u00fd c\u01a1 s\u1edf d\u1eef li\u1ec7u quan tr\u1eafc t\u00e0i nguy\u00ean n\u01b0\u1edbc:<br \/>\na. T\u1ed5ng h\u1ee3p d\u1eef li\u1ec7u quan tr\u1eafc t\u00e0i nguy\u00ean n\u01b0\u1edbc t\u1eeb c\u00e1c \u0111\u01a1n v\u1ecb quan tr\u1eafc;<br \/>\nb. Th\u1ef1c hi\u1ec7n vi\u1ec7c \u0111\u00e1nh gi\u00e1 ch\u1ea5t l\u01b0\u1ee3ng d\u1eef li\u1ec7u;<br \/>\nc. C\u1eadp nh\u1eadp c\u01a1 s\u1edf d\u1eef li\u1ec7u quan tr\u1eafc t\u00e0i nguy\u00ean n\u01b0\u1edbc;<br \/>\nd. L\u01b0u gi\u1eef, b\u1ea3o qu\u1ea3n c\u01a1 s\u1edf d\u1eef li\u1ec7u quan tr\u1eafc t\u00e0i nguy\u00ean n\u01b0\u1edbc theo quy \u0111\u1ecbnh.<br \/>\n<strong>3.<\/strong> Th\u1ef1c hi\u1ec7n c\u1ea3nh b\u00e1o, d\u1ef1 b\u00e1o t\u00e0i nguy\u00ean n\u01b0\u1edbc:<br \/>\na. C\u1ea3nh b\u00e1o d\u1ef1 b\u00e1o v\u1ec1 thay \u0111\u1ed5i m\u1ef1c n\u01b0\u1edbc, l\u01b0u l\u01b0\u1ee3ng t\u00e0i nguy\u00ean n\u01b0\u1edbc trong c\u00e1c l\u01b0u v\u1ef1c s\u00f4ng li\u00ean t\u1ec9nh, li\u00ean qu\u1ed1c gia;<br \/>\nb. C\u1ea3nh b\u00e1o, d\u1ef1 b\u00e1o v\u1ec1 thay \u0111\u1ed5i ch\u1ea5t l\u01b0\u1ee3ng t\u00e0i nguy\u00ean n\u01b0\u1edbc trong c\u00e1c l\u01b0u v\u1ef1c s\u00f4ng li\u00ean t\u1ec9nh, li\u00ean qu\u1ed1c gia;<br \/>\nc. C\u1ea3nh b\u00e1o, d\u1ef1 b\u00e1o v\u1ec1 x\u00e2m nh\u1eadp m\u1eb7n \u0111\u1ebfn t\u00e0i nguy\u00ean n\u01b0\u1edbc trong c\u00e1c l\u01b0u v\u1ef1c s\u00f4ng li\u00ean t\u1ec9nh, li\u00ean qu\u1ed1c gia;<br \/>\nd. C\u1ea3nh b\u00e1o, d\u1ef1 b\u00e1o c\u00e1c t\u00e1c h\u1ea1i do n\u01b0\u1edbc g\u00e2y ra.<br \/>\n<strong>4.<\/strong> Bi\u00ean so\u1ea1n c\u00e1c b\u1ea3n tin th\u00f4ng b\u00e1o, c\u1ea3nh b\u00e1o v\u00e0 d\u1ef1 b\u00e1o t\u00e0i nguy\u00ean n\u01b0\u1edbc h\u00e0ng th\u00e1ng, h\u00e0ng qu\u00fd v\u00e0 h\u00e0ng n\u0103m; bi\u00ean so\u1ea1n \u0111\u1eb7c tr\u01b0ng, ni\u00ean gi\u00e1m t\u00e0i nguy\u00ean n\u01b0\u1edbc.<br \/>\n<strong>5.<\/strong> Th\u1ef1c hi\u1ec7n c\u00e1c ch\u01b0\u01a1ng tr\u00ecnh, \u0111\u1ec1 t\u00e0i nghi\u00ean c\u1ee9u, \u1ee9ng d\u1ee5ng v\u00e0 chuy\u1ec3n giao khoa h\u1ecdc c\u00f4ng ngh\u1ec7, h\u1ee3p t\u00e1c qu\u1ed1c t\u1ebf v\u1ec1 t\u00e0i nguy\u00ean n\u01b0\u1edbc theo s\u1ef1 ph\u00e2n c\u00f4ng c\u1ee7a T\u1ed5ng Gi\u00e1m \u0111\u1ed1c.<br \/>\n<strong>6.<\/strong> Tham gia x\u00e2y d\u1ef1ng quy ho\u1ea1ch m\u1ea1ng l\u01b0\u1edbi tr\u1ea1m quan tr\u1eafc, gi\u00e1m s\u00e1t t\u00e0i nguy\u00ean n\u01b0\u1edbc tr\u00ean ph\u1ea1m vi c\u1ea3 n\u01b0\u1edbc.<br \/>\n<strong>7.<\/strong> Tham gia th\u1ef1c hi\u1ec7n c\u00e1c nhi\u1ec7m v\u1ee5 quy ho\u1ea1ch, \u0111i\u1ec1u tra c\u01a1 b\u1ea3n v\u00e0 b\u1ea3o v\u1ec7 t\u00e0i nguy\u00ean n\u01b0\u1edbc; quan tr\u1eafc, gi\u00e1m s\u00e1t t\u00e0i nguy\u00ean n\u01b0\u1edbc qu\u1ed1c gia; tham gia x\u00e2y d\u1ef1ng ti\u00eau chu\u1ea9n, quy chu\u1ea9n k\u1ef9 thu\u1eadt, \u0111\u1ecbnh m\u1ee9c kinh t\u1ebf k\u1ef9 thu\u1eadt v\u1ec1 quy ho\u1ea1ch, \u0111i\u1ec1u tra, \u0111\u00e1nh gi\u00e1, quan tr\u1eafc v\u00e0 d\u1ef1 b\u00e1o t\u00e0i nguy\u00ean n\u01b0\u1edbc; tham gia c\u00e1c nhi\u1ec7m v\u1ee5 \u0111a\u0300o ta\u0323o, h\u01b0\u1edbng d\u1eabn, chuy\u1ec3n giao c\u00f4ng ngh\u1ec7, t\u1eadp hu\u1ea5n chuy\u00ean m\u00f4n, nghi\u1ec7p v\u1ee5 v\u1ec1 d\u1ef1 b\u00e1o v\u00e0 c\u1ea3nh b\u00e1o t\u00e0i nguy\u00ean n\u01b0\u1edbc.<br \/>\n<strong>8.<\/strong> Th\u1ef1c hi\u1ec7n c\u00e1c ho\u1ea1t \u0111\u1ed9ng d\u1ecbch v\u1ee5 v\u1ec1 quy ho\u1ea1ch, \u0111i\u1ec1u tra, \u0111\u00e1nh gi\u00e1, khai th\u00e1c s\u1eed d\u1ee5ng t\u00e0i nguy\u00ean n\u01b0\u1edbc, quan tr\u1eafc v\u00e0 d\u1ef1 b\u00e1o t\u00e0i nguy\u00ean n\u01b0\u1edbc; \u0111\u00e1nh gi\u00e1 t\u00e1c \u0111\u1ed9ng c\u1ee7a bi\u1ebfn \u0111\u1ed5i kh\u00ed h\u1eadu \u0111\u1ebfn t\u00e0i nguy\u00ean n\u01b0\u1edbc; \u0111i\u1ec1u tra x\u1ea3 th\u1ea3i, \u0111\u00e1nh gi\u00e1 t\u00e1c \u0111\u1ed9ng m\u00f4i tr\u01b0\u1eddng; th\u1ef1c hi\u1ec7n c\u00e1c d\u1ecbch v\u1ee5 kh\u00e1c li\u00ean quan \u0111\u1ebfn t\u00e0i nguy\u00ean n\u01b0\u1edbc theo quy \u0111\u1ecbnh c\u1ee7a ph\u00e1p lu\u1eadt.<br \/>\n<strong>9.<\/strong> Qu\u1ea3n l\u00fd v\u00e0 s\u1eed d\u1ee5ng c\u00f3 hi\u1ec7u qu\u1ea3 m\u1ecdi ngu\u1ed3n t\u00e0i ch\u00ednh, t\u00e0i s\u1ea3n thu\u1ed9c ph\u1ea1m vi qu\u1ea3n l\u00fd c\u1ee7a Trung t\u00e2m; th\u1ef1c hi\u1ec7n tr\u00e1ch nhi\u1ec7m c\u1ee7a \u0111\u01a1n v\u1ecb d\u1ef1 to\u00e1n c\u1ea5p III theo quy \u0111\u1ecbnh c\u1ee7a ph\u00e1p lu\u1eadt.<\/p>\n<p><\/p>","protected":false},"excerpt":{"rendered":"<p>Nhi\u1ec7m v\u1ee5 ch\u1ee7 y\u1ebfu 1. Tr\u00ecnh T\u1ed5ng Gi\u00e1m \u0111\u1ed1c ch\u01b0\u01a1ng tr\u00ecnh, k\u1ebf ho\u1ea1ch, nhi\u1ec7m v\u1ee5 n\u0103m n\u0103m v\u00e0 h\u00e0ng n\u0103m v\u1ec1 nhi\u1ec7m v\u1ee5 c\u1ea3nh b\u00e1o, d\u1ef1 b\u00e1o t\u00e0i nguy\u00ean n\u01b0\u1edbc, d\u1ef1 b\u00e1o t\u00e1c \u0111\u1ed9ng c\u1ee7a bi\u1ebfn \u0111\u1ed5i kh\u00ed h\u1eadu \u0111\u1ed1i v\u1edbi c\u00e1c ngu\u1ed3n n\u01b0\u1edbc. 2. Qu\u1ea3n l\u00fd c\u01a1 s\u1edf d\u1eef li\u1ec7u quan tr\u1eafc t\u00e0i nguy\u00ean n\u01b0\u1edbc: a. T\u1ed5ng h\u1ee3p d\u1eef li\u1ec7u quan tr\u1eafc t\u00e0i nguy\u00ean n\u01b0\u1edbc t\u1eeb c\u00e1c \u0111\u01a1n v\u1ecb quan tr\u1eafc; b. Th\u1ef1c hi\u1ec7n vi\u1ec7c \u0111\u00e1nh gi\u00e1 ch\u1ea5t l\u01b0\u1ee3ng d\u1eef li\u1ec7u; c. C\u1eadp nh\u1eadp c\u01a1 s\u1edf d\u1eef li\u1ec7u quan tr\u1eafc t\u00e0i nguy\u00ean n\u01b0\u1edbc; d. L\u01b0u gi\u1eef, b\u1ea3o qu\u1ea3n c\u01a1 <\/p>\n","protected":false},"author":1,"featured_media":0,"parent":0,"menu_order":0,"comment_status":"closed","ping_status":"closed","template":"","meta":{"footnotes":""},"_links":{"self":[{"href":"https:\/\/dangtrung.io.vn\/en\/wp-json\/wp\/v2\/pages\/211"}],"collection":[{"href":"https:\/\/dangtrung.io.vn\/en\/wp-json\/wp\/v2\/pages"}],"about":[{"href":"https:\/\/dangtrung.io.vn\/en\/wp-json\/wp\/v2\/types\/page"}],"author":[{"embeddable":true,"href":"https:\/\/dangtrung.io.vn\/en\/wp-json\/wp\/v2\/users\/1"}],"replies":[{"embeddable":true,"href":"https:\/\/dangtrung.io.vn\/en\/wp-json\/wp\/v2\/comments?post=211"}],"version-history":[{"count":5,"href":"https:\/\/dangtrung.io.vn\/en\/wp-json\/wp\/v2\/pages\/211\/revisions"}],"predecessor-version":[{"id":2650,"href":"https:\/\/dangtrung.io.vn\/en\/wp-json\/wp\/v2\/pages\/211\/revisions\/2650"}],"wp:attachment":[{"href":"https:\/\/dangtrung.io.vn\/en\/wp-json\/wp\/v2\/media?parent=211"}],"curies":[{"name":"wp","href":"https:\/\/api.w.org\/{rel}","templated":true}]}}