{"id":213,"date":"2016-04-09T14:40:48","date_gmt":"2016-04-09T14:40:48","guid":{"rendered":"http:\/\/113.190.42.11:8182\/cewafo\/?page_id=213"},"modified":"2023-02-23T11:17:54","modified_gmt":"2023-02-23T04:17:54","slug":"co-cau-to-chuc","status":"publish","type":"page","link":"https:\/\/dangtrung.io.vn\/en\/co-cau-to-chuc\/","title":{"rendered":"C\u01a1 c\u1ea5u t\u1ed5 ch\u1ee9c"},"content":{"rendered":"<p><\/p>\n<p style=\"text-align: center;\"><strong>L\u00c3NH \u0110\u1ea0O TRUNG T\u00c2M<\/strong><\/p>\n<p style=\"text-align: center;\"><img decoding=\"async\" class=\"size-full wp-image-33 aligncenter\" src=\"http:\/\/113.190.42.11:8182\/cewafo\/wp-content\/uploads\/2013\/01\/NguyenTHa.jpg\" alt=\"NguyenTHa\" width=\"152\" height=\"168\" \/><\/p>\n<p style=\"text-align: center;\">\u0110\/c: Nguy\u1ec5n Th\u1ecb H\u1ea1<\/p>\n<p style=\"text-align: center;\">Gi\u00e1m \u0111\u1ed1c<\/p>\n<p style=\"text-align: center;\">\u0110T c\u01a1 quan:04 37480274<\/p>\n<p style=\"text-align: center;\">Email: haqtdbtnn@gmail.com<\/p>\n<p style=\"text-align: center;\"><img decoding=\"async\" class=\"wp-image-34 aligncenter\" src=\"http:\/\/113.190.42.11:8182\/cewafo\/wp-content\/uploads\/2013\/01\/aTrung.jpg\" alt=\"aTrung\" width=\"129\" height=\"177\" \/><\/p>\n<p style=\"text-align: center;\">\u0110\/c: \u0110\u1eb7ng Tr\u1ea7n Trung<\/p>\n<p style=\"text-align: center;\">Ph\u00f3 Gi\u00e1m \u0111\u1ed1c<\/p>\n<p style=\"text-align: center;\">\u0110T c\u01a1 quan:04 37481413<\/p>\n<p style=\"text-align: center;\">Email: dtrung@gmail.com<\/p>\n<p style=\"text-align: center;\"><strong>S\u01a0 \u0110\u1ed2 T\u1ed4 CH\u1ee8C<\/strong><\/p>\n<p style=\"text-align: center;\"><img fetchpriority=\"high\" decoding=\"async\" class=\"alignnone size-full wp-image-35\" src=\"http:\/\/113.190.42.11:8182\/cewafo\/wp-content\/uploads\/2013\/01\/SODOTOCHUC2_2014.png\" alt=\"SODOTOCHUC2_2014\" width=\"1492\" height=\"922\" srcset=\"https:\/\/dangtrung.io.vn\/wp-content\/uploads\/2013\/01\/SODOTOCHUC2_2014.png 1492w, https:\/\/dangtrung.io.vn\/wp-content\/uploads\/2013\/01\/SODOTOCHUC2_2014-300x185.png 300w, https:\/\/dangtrung.io.vn\/wp-content\/uploads\/2013\/01\/SODOTOCHUC2_2014-768x475.png 768w, https:\/\/dangtrung.io.vn\/wp-content\/uploads\/2013\/01\/SODOTOCHUC2_2014-1024x633.png 1024w\" sizes=\"(max-width: 1492px) 100vw, 1492px\" \/><\/p>\n<p><\/p>","protected":false},"excerpt":{"rendered":"<p>L\u00c3NH \u0110\u1ea0O TRUNG T\u00c2M \u0110\/c: Nguy\u1ec5n Th\u1ecb H\u1ea1 Gi\u00e1m \u0111\u1ed1c \u0110T c\u01a1 quan:04 37480274 Email: haqtdbtnn@gmail.com \u0110\/c: \u0110\u1eb7ng Tr\u1ea7n Trung Ph\u00f3 Gi\u00e1m \u0111\u1ed1c \u0110T c\u01a1 quan:04 37481413 Email: dtrung@gmail.com S\u01a0 \u0110\u1ed2 T\u1ed4 CH\u1ee8C<\/p>\n","protected":false},"author":1,"featured_media":0,"parent":0,"menu_order":0,"comment_status":"closed","ping_status":"closed","template":"","meta":{"footnotes":""},"_links":{"self":[{"href":"https:\/\/dangtrung.io.vn\/en\/wp-json\/wp\/v2\/pages\/213"}],"collection":[{"href":"https:\/\/dangtrung.io.vn\/en\/wp-json\/wp\/v2\/pages"}],"about":[{"href":"https:\/\/dangtrung.io.vn\/en\/wp-json\/wp\/v2\/types\/page"}],"author":[{"embeddable":true,"href":"https:\/\/dangtrung.io.vn\/en\/wp-json\/wp\/v2\/users\/1"}],"replies":[{"embeddable":true,"href":"https:\/\/dangtrung.io.vn\/en\/wp-json\/wp\/v2\/comments?post=213"}],"version-history":[{"count":20,"href":"https:\/\/dangtrung.io.vn\/en\/wp-json\/wp\/v2\/pages\/213\/revisions"}],"predecessor-version":[{"id":2862,"href":"https:\/\/dangtrung.io.vn\/en\/wp-json\/wp\/v2\/pages\/213\/revisions\/2862"}],"wp:attachment":[{"href":"https:\/\/dangtrung.io.vn\/en\/wp-json\/wp\/v2\/media?parent=213"}],"curies":[{"name":"wp","href":"https:\/\/api.w.org\/{rel}","templated":true}]}}