{"id":218,"date":"2016-04-09T14:46:14","date_gmt":"2016-04-09T14:46:14","guid":{"rendered":"http:\/\/113.190.42.11:8182\/cewafo\/?page_id=218"},"modified":"2022-12-12T16:46:58","modified_gmt":"2022-12-12T09:46:58","slug":"van-phong","status":"publish","type":"page","link":"https:\/\/dangtrung.io.vn\/en\/van-phong\/","title":{"rendered":"V\u0103n ph\u00f2ng"},"content":{"rendered":"<p><\/p>\n<p style=\"text-align: center;\"><strong>QUY\u1ebeT \u0110\u1ecaNH<\/strong><\/p>\n<p style=\"text-align: center;\"><strong>Quy \u0111\u1ecbnh ch\u1ee9c n\u0103ng, nhi\u1ec7m v\u1ee5, quy\u1ec1n h\u1ea1n v\u00e0 c\u01a1 c\u1ea5u t\u1ed5 ch\u1ee9c<\/strong><\/p>\n<p style=\"text-align: center;\"><strong>\u00a0c\u1ee7a V\u0103n ph\u00f2ng<\/strong><\/p>\n<p>&nbsp;<\/p>\n<p>Ch\u00e1nh V\u0103n ph\u00f2ng: <strong>Ph\u1ea1m Qu\u1ed1c Kh\u00e1nh<\/strong><br \/>\n\u0110i\u1ec7n Tho\u1ea1i:\u00a0<strong>04 3<\/strong><strong>2665006<\/strong><br \/>\nEmail: <a href=\"mailto:canhbaodubao@cewafo.gov.vn\">canhbaodubao@cewafo.gov.vn<\/a>; <a href=\"mailto:quockhanhp@gmail.com\">quockhanhp@gmail.com<\/a><\/p>\n<p>&nbsp;<\/p>\n<p style=\"text-align: center;\">\u00a0<strong>GI\u00c1M \u0110\u1ed0C TRUNG T\u00c2M<\/strong><\/p>\n<p style=\"text-align: center;\"><strong>\u00a0C\u1ea2NH B\u00c1O V\u00c0 D\u1ef0 B\u00c1O T\u00c0I NGUY\u00caN N\u01af\u1edaC<\/strong><\/p>\n<p style=\"text-align: justify;\">C\u0103n c\u1ee9 Quy\u1ebft \u0111\u1ecbnh s\u1ed1 314\/Q\u0110-TNNQG ng\u00e0y 30 th\u00e1ng 12 n\u0103m 2013 c\u1ee7a T\u1ed5ng Gi\u00e1m \u0111\u1ed1c Trung t\u00e2m Quy ho\u1ea1ch v\u00e0 \u0110i\u1ec1u tra t\u00e0i nguy\u00ean n\u01b0\u1edbc qu\u1ed1c gia quy \u0111\u1ecbnh ch\u1ee9c n\u0103ng, nhi\u1ec7m v\u1ee5, quy\u1ec1n h\u1ea1n v\u00e0 c\u01a1 c\u1ea5u t\u1ed5 ch\u1ee9c c\u1ee7a Trung t\u00e2m C\u1ea3nh b\u00e1o v\u00e0 D\u1ef1 b\u00e1o t\u00e0i nguy\u00ean n\u01b0\u1edbc;<br \/>\nX\u00e9t \u0111\u1ec1 ngh\u1ecb c\u1ee7a Ch\u00e1nh V\u0103n ph\u00f2ng,<\/p>\n<p align=\"center\"><strong>QUY\u1ebeT \u0110\u1ecaNH:<\/strong><\/p>\n<p style=\"text-align: justify;\"><strong>\u0110i\u1ec1u 1. V\u1ecb tr\u00ed v\u00e0 ch\u1ee9c n\u0103ng<\/strong><br \/>\nV\u0103n ph\u00f2ng l\u00e0 t\u1ed5 ch\u1ee9c tr\u1ef1c thu\u1ed9c Trung t\u00e2m C\u1ea3nh b\u00e1o v\u00e0 D\u1ef1 b\u00e1o t\u00e0i nguy\u00ean n\u01b0\u1edbc, c\u00f3 ch\u1ee9c n\u0103ng gi\u00fap Gi\u00e1m \u0111\u1ed1c Trung t\u00e2m th\u1ef1c hi\u1ec7n c\u00f4ng t\u00e1c th\u00f4ng tin t\u1ed5ng h\u1ee3p; qu\u1ea3n l\u00fd, t\u1ed5 ch\u1ee9c th\u1ef1c hi\u1ec7n c\u00f4ng t\u00e1c h\u00e0nh ch\u00ednh,qu\u1ea3n tr\u1ecb, v\u0103n th\u01b0, l\u01b0u tr\u1eef, tuy\u00ean truy\u1ec1n, thi \u0111ua khen th\u01b0\u1edfng, qu\u1ed1c ph\u00f2ng &#8211; an ninh; t\u1ed5 ch\u1ee9c b\u1ed9 m\u00e1y, vi\u00ean ch\u1ee9c, ng\u01b0\u1eddi lao \u0111\u1ed9ng, ti\u1ec1n l\u01b0\u01a1ng, ch\u1ebf \u0111\u1ed9 ch\u00ednh s\u00e1ch, \u0111\u00e0o t\u1ea1o v\u00e0 c\u1ea3i c\u00e1ch h\u00e0nh ch\u00ednh c\u1ee7a Trung t\u00e2m.<br \/>\n<strong>\u0110i\u1ec1u 2. Nhi\u1ec7m v\u1ee5 v\u00e0 quy\u1ec1n h\u1ea1n<\/strong><br \/>\n1. Ch\u1ee7 tr\u00ec x\u00e2y d\u1ef1ng v\u00e0 tr\u00ecnh Gi\u00e1m \u0111\u1ed1c Quy ch\u1ebf l\u00e0m vi\u1ec7c c\u1ee7a Trung t\u00e2m, n\u1ed9i quy, quy \u0111\u1ecbnh c\u1ee7a Trung t\u00e2m; theo d\u00f5i, ki\u1ec3m tra, \u0111\u00f4n \u0111\u1ed1c vi\u1ec7c th\u1ef1c hi\u1ec7n sau khi \u0111\u01b0\u1ee3c ban h\u00e0nh.<br \/>\n2. V\u1ec1 c\u00f4ng t\u00e1c h\u00e0nh ch\u00ednh, qu\u1ea3n tr\u1ecb<br \/>\na) T\u1ed5 ch\u1ee9c ph\u1ee5c v\u1ee5 c\u00e1c chuy\u1ebfn c\u00f4ng t\u00e1c c\u1ee7a l\u00e3nh \u0111\u1ea1o Trung t\u00e2m; ch\u1ee7 tr\u00ec, ph\u1ed1i h\u1ee3p v\u1edbi c\u00e1c ph\u00f2ng t\u1ed5 ch\u1ee9c c\u00e1c h\u1ed9i ngh\u1ecb, h\u1ed9i th\u1ea3o, ho\u1ea1t \u0111\u1ed9ng kh\u00e1c c\u1ee7a Trung t\u00e2m;<br \/>\nb) T\u1ed5 ch\u1ee9c th\u1ef1c hi\u1ec7n c\u00f4ng t\u00e1c h\u00e0nh ch\u00ednh, qu\u1ea3n tr\u1ecb, l\u1ec5 t\u00e2n, kh\u00e1nh ti\u1ebft v\u00e0 c\u00e1c d\u1ecbch v\u1ee5 kh\u00e1c c\u1ee7a Trung t\u00e2m;<br \/>\nc) Qu\u1ea3n l\u00fd, ph\u01b0\u01a1ng ti\u1ec7n, nhi\u00ean li\u1ec7u, trang thi\u1ebft b\u1ecb, \u0111i\u1ec7n, n\u01b0\u1edbc, h\u1ec7 th\u1ed1ng th\u00f4ng tin li\u00ean l\u1ea1c t\u1ea1i Trung t\u00e2m;<br \/>\nd) L\u1eadp k\u1ebf ho\u1ea1ch v\u00e0 th\u1ef1c hi\u1ec7n mua s\u1eafm trang thi\u1ebft b\u1ecb, v\u1eadt t\u01b0, v\u0103n ph\u00f2ng ph\u1ea9m; t\u1ed5 ch\u1ee9c c\u00f4ng t\u00e1c b\u1ea3o d\u01b0\u1ee1ng, s\u1eeda ch\u1eefa \u0111\u1ed1i v\u1edbi ph\u01b0\u01a1ng ti\u1ec7n, trang thi\u1ebft b\u1ecb \u0111\u1ea3m b\u1ea3o nhu c\u1ea7u ho\u1ea1t \u0111\u1ed9ng c\u1ee7a Trung t\u00e2m;<br \/>\n\u0111) Ph\u1ed1i h\u1ee3p th\u1ef1c hi\u1ec7n c\u00f4ng t\u00e1c ki\u1ec3m k\u00ea t\u00e0i s\u1ea3n h\u00e0ng n\u0103m c\u1ee7a Trung t\u00e2m;<br \/>\ne) X\u00e2y d\u1ef1ng, t\u1ed5 ch\u1ee9c th\u1ef1c hi\u1ec7n k\u1ebf ho\u1ea1ch c\u1ea3i c\u00e1ch h\u00e0nh ch\u00ednh c\u1ee7a Trung t\u00e2m.<br \/>\n3. V\u1ec1 c\u00f4ng t\u00e1c t\u1ed5ng h\u1ee3p, v\u0103n th\u01b0, l\u01b0u tr\u1eef, tuy\u00ean truy\u1ec1n v\u00e0 thi \u0111ua, khen th\u01b0\u1edfng.<br \/>\na) T\u1ed5ng h\u1ee3p v\u00e0 ho\u00e0n thi\u1ec7n bi\u00ean b\u1ea3n c\u00e1c cu\u1ed9c h\u1ecdp theo ch\u1ee9c n\u0103ng, nhi\u1ec7m v\u1ee5 c\u1ee7a V\u0103n ph\u00f2ng do l\u00e3nh \u0111\u1ea1o Trung t\u00e2m ch\u1ee7 tr\u00ec; th\u00f4ng b\u00e1o, \u0111\u00f4n \u0111\u1ed1c vi\u1ec7c th\u1ef1c hi\u1ec7n \u00fd ki\u1ebfn ch\u1ec9 \u0111\u1ea1o c\u1ee7a l\u00e3nh \u0111\u1ea1o Trung t\u00e2m \u0111\u1ec3 c\u00e1c ph\u00f2ng c\u00f3 li\u00ean quan bi\u1ebft, th\u1ef1c hi\u1ec7n; t\u1ed5ng h\u1ee3p l\u1ecbch l\u00e0m vi\u1ec7c h\u00e0ng tu\u1ea7n c\u1ee7a l\u00e3nh \u0111\u1ea1o Trung t\u00e2m;<br \/>\nb) X\u00e2y d\u1ef1ng b\u00e1o c\u00e1o \u0111\u1ecbnh k\u1ef3 v\u00e0 \u0111\u1ed9t xu\u1ea5t t\u00ecnh h\u00ecnh th\u1ef1c hi\u1ec7n nhi\u1ec7m v\u1ee5 c\u1ee7a Trung t\u00e2m;<br \/>\nc) Th\u1ef1c hi\u1ec7n c\u00f4ng t\u00e1c v\u0103n th\u01b0, l\u01b0u tr\u1eef; ki\u1ec3m tra th\u1ec3 th\u1ee9c v\u00e0 th\u1ee7 t\u1ee5c trong vi\u1ec7c ban h\u00e0nh v\u0103n b\u1ea3n c\u1ee7a Trung t\u00e2m; \u1ee9ng d\u1ee5ng c\u00f4ng ngh\u1ec7 th\u00f4ng tin trong th\u1ef1c hi\u1ec7n c\u00f4ng t\u00e1c v\u0103n th\u01b0, l\u01b0u tr\u1eef c\u1ee7a Trung t\u00e2m;<br \/>\nd) T\u1ed5 ch\u1ee9c th\u1ef1c hi\u1ec7n c\u00f4ng t\u00e1c tuy\u00ean truy\u1ec1n; qu\u1ea3n l\u00fd h\u1ec7 th\u1ed1ng m\u1ea1ng \u0111i\u1ec7n tho\u1ea1i n\u1ed9i b\u1ed9, m\u1ea1ng internet v\u00e0 v\u1eadn h\u00e0nh trang tin \u0111i\u1ec7n t\u1eed c\u1ee7a Trung t\u00e2m;<br \/>\n\u0111) T\u1ed5ng h\u1ee3p, th\u1ef1c hi\u1ec7n c\u00f4ng t\u00e1c thi \u0111ua, khen th\u01b0\u1edfng c\u1ee7a Trung t\u00e2m. Ch\u1ee7 tr\u00ec, ph\u1ed1i h\u1ee3p v\u1edbi ph\u00f2ng chuy\u00ean m\u00f4n, nghi\u1ec7p v\u1ee5 t\u1ed5 ch\u1ee9c ng\u00e0y truy\u1ec1n th\u1ed1ng, ng\u00e0y k\u1ef7 ni\u1ec7m c\u1ee7a Trung t\u00e2m; th\u01b0\u1eddng tr\u1ef1c H\u1ed9i \u0111\u1ed3ng Thi \u0111ua khen th\u01b0\u1edfng c\u1ee7a Trung t\u00e2m.<br \/>\n4. V\u1ec1 c\u00f4ng t\u00e1c t\u1ed5 ch\u1ee9c c\u00e1n b\u1ed9<br \/>\na) T\u1ed5 ch\u1ee9c th\u1ef1c hi\u1ec7n c\u00f4ng t\u00e1c t\u1ed5 ch\u1ee9c b\u1ed9 m\u00e1y; t\u1ed5ng h\u1ee3p v\u00e0 ho\u00e0n thi\u1ec7n ch\u1ee9c n\u0103ng, nhi\u1ec7m v\u1ee5, quy\u1ec1n h\u1ea1n v\u00e0 c\u01a1 c\u1ea5u t\u1ed5 ch\u1ee9c c\u1ee7a V\u0103n ph\u00f2ng, c\u00e1c ph\u00f2ng chuy\u00ean m\u00f4n, nghi\u1ec7p v\u1ee5 tr\u00ecnh l\u00e3nh \u0111\u1ea1o Trung t\u00e2m;<br \/>\nb) X\u00e2y d\u1ef1ng quy ho\u1ea1ch c\u00e1n b\u1ed9 c\u1ee7a Trung t\u00e2m. Th\u1ef1c hi\u1ec7n c\u00f4ng t\u00e1c \u0111\u00e1nh gi\u00e1, b\u1ed5 nhi\u1ec7m, b\u1ed5 nhi\u1ec7m l\u1ea1i, mi\u1ec5n nhi\u1ec7m c\u00e1n b\u1ed9, ti\u1ebfp nh\u1eadn, \u0111i\u1ec1u \u0111\u1ed9ng, k\u1ef7 lu\u1eadt \u0111\u1ed1i v\u1edbi c\u00e1n b\u1ed9, vi\u00ean ch\u1ee9c, ng\u01b0\u1eddi lao \u0111\u1ed9ng thu\u1ed9c th\u1ea9m quy\u1ec1n qu\u1ea3n l\u00fd c\u1ee7a Trung t\u00e2m;<br \/>\nc) T\u1ed5ng h\u1ee3p v\u00e0 th\u1ef1c hi\u1ec7n ch\u1ebf \u0111\u1ed9 ch\u00ednh s\u00e1ch, lao \u0111\u1ed9ng ti\u1ec1n l\u01b0\u01a1ng th\u01b0\u1eddng tr\u1ef1c H\u1ed9i \u0111\u1ed3ng l\u01b0\u01a1ng Trung t\u00e2m;<br \/>\nd) H\u01b0\u1edbng d\u1eabn, x\u00e2y d\u1ef1ng v\u1ecb tr\u00ed vi\u1ec7c l\u00e0m, c\u01a1 c\u1ea5u vi\u00ean ch\u1ee9c theo ch\u1ee9c danh ngh\u1ec1 nghi\u1ec7p c\u1ee7a Trung t\u00e2m; \u1ee9ng d\u1ee5ng c\u00f4ng ngh\u1ec7 th\u00f4ng tin qu\u1ea3n l\u00fd c\u00e1n b\u1ed9 Trung t\u00e2m.<br \/>\n\u0111) T\u1ed5ng h\u1ee3p, x\u00e2y d\u1ef1ng k\u1ebf ho\u1ea1ch tuy\u1ec3n d\u1ee5ng v\u00e0 \u0111\u00e0o t\u1ea1o c\u1ee7a Trung t\u00e2m; th\u01b0\u1eddng tr\u1ef1c H\u1ed9i \u0111\u1ed3ng tuy\u1ec3n d\u1ee5ng c\u1ee7a Trung t\u00e2m;<br \/>\ne) Tham gia x\u00e2y d\u1ef1ng c\u00e1c ch\u01b0\u01a1ng tr\u00ecnh, d\u1ef1 \u00e1n, \u0111\u1ec1 \u00e1n thu\u1ed9c th\u1ea9m quy\u1ec1n c\u1ee7a Trung t\u00e2m c\u00f3 n\u1ed9i dung li\u00ean quan \u0111\u1ebfn c\u00f4ng t\u00e1c t\u1ed5 ch\u1ee9c b\u1ed9 m\u00e1y, c\u00e1n b\u1ed9, vi\u00ean ch\u1ee9c, lao \u0111\u1ed9ng, ti\u1ec1n l\u01b0\u01a1ng v\u00e0 \u0111\u00e0o t\u1ea1o;<br \/>\ng) Th\u1ef1c hi\u1ec7n c\u00f4ng t\u00e1c an to\u00e0n, b\u1ea3o h\u1ed9 lao \u0111\u1ed9ng, ph\u00f2ng ch\u1ed1ng ch\u00e1y n\u1ed5, thi\u00ean tai;<br \/>\nh) Th\u1ef1c hi\u1ec7n c\u00f4ng t\u00e1c qu\u1ed1c ph\u00f2ng an ninh c\u1ee7a Trung t\u00e2m.<br \/>\n5. Th\u1ed1ng k\u00ea, b\u00e1o c\u00e1o \u0111\u1ecbnh k\u1ef3 v\u00e0 \u0111\u1ed9t xu\u1ea5t t\u00ecnh h\u00ecnh th\u1ef1c hi\u1ec7n nhi\u1ec7m v\u1ee5 v\u1ec1\u00a0 l\u0129nh v\u1ef1c c\u00f4ng t\u00e1c \u0111\u01b0\u1ee3c giao;<br \/>\n6. Th\u1ef1c hi\u1ec7n c\u00e1c nhi\u1ec7m v\u1ee5 kh\u00e1c do Gi\u00e1m \u0111\u1ed1c Trung t\u00e2m giao.<br \/>\n<strong>\u0110i\u1ec1u 3. C\u01a1 c\u1ea5u t\u1ed5 ch\u1ee9c<\/strong><br \/>\n1. L\u00e3nh \u0111\u1ea1o V\u0103n ph\u00f2ng:<br \/>\nV\u0103n ph\u00f2ng c\u00f3 Ch\u00e1nh V\u0103n ph\u00f2ng v\u00e0 kh\u00f4ng qu\u00e1 01 Ph\u00f3 ch\u00e1nh V\u0103n ph\u00f2ng.<br \/>\nCh\u00e1nh V\u0103n ph\u00f2ng ch\u1ecbu tr\u00e1ch nhi\u1ec7m tr\u01b0\u1edbc Gi\u00e1m \u0111\u1ed1c Trung t\u00e2m v\u1ec1 c\u00e1c nhi\u1ec7m v\u1ee5 \u0111\u01b0\u1ee3c giao v\u00e0 \u0111i\u1ec1u h\u00e0nh m\u1ecdi ho\u1ea1t \u0111\u1ed9ng c\u1ee7a V\u0103n ph\u00f2ng.<br \/>\nPh\u00f3 Ch\u00e1nh V\u0103n ph\u00f2ng gi\u00fap vi\u1ec7c Ch\u00e1nh V\u0103n ph\u00f2ng, ch\u1ecbu tr\u00e1ch nhi\u1ec7m tr\u01b0\u1edbc Ch\u00e1nh V\u0103n ph\u00f2ng v\u1ec1 l\u0129nh v\u1ef1c c\u00f4ng t\u00e1c \u0111\u01b0\u1ee3c ph\u00e2n c\u00f4ng.<br \/>\nC\u00e1c chuy\u00ean vi\u00ean th\u1ef1c hi\u1ec7n ch\u1ebf \u0111\u1ed9 l\u00e0m vi\u1ec7c theo quy \u0111\u1ecbnh, quy ch\u1ebf hi\u1ec7n h\u00e0nh; ch\u1ecbu tr\u00e1ch nhi\u1ec7m thi h\u00e0nh v\u00e0 t\u1ed5 ch\u1ee9c tri\u1ec3n khai th\u1ef1c hi\u1ec7n nhi\u1ec7m v\u1ee5 \u0111\u01b0\u1ee3c l\u00e3nh \u0111\u1ea1o V\u0103n ph\u00f2ng ph\u00e2n c\u00f4ng.<br \/>\n<strong>\u0110i\u1ec1u 4. <\/strong><strong>Hi\u1ec7u l\u1ef1c v\u00e0 tr\u00e1ch nhi\u1ec7m thi h\u00e0nh<\/strong><br \/>\nQuy\u1ebft \u0111\u1ecbnh n\u00e0y c\u00f3 hi\u1ec7u l\u1ef1c thi h\u00e0nh k\u1ec3 t\u1eeb ng\u00e0y k\u00fd.<br \/>\nCh\u00e1nh V\u0103n ph\u00f2ng, Tr\u01b0\u1edfng c\u00e1c ph\u00f2ng chuy\u00ean m\u00f4n, nghi\u1ec7p v\u1ee5 c\u1ee7a Trung t\u00e2m ch\u1ecbu tr\u00e1ch nhi\u1ec7m thi h\u00e0nh Quy\u1ebft \u0111\u1ecbnh n\u00e0y.\/.<\/p>\n<table style=\"height: 404px;\" border=\"0\" width=\"719\" cellspacing=\"0\" cellpadding=\"0\">\n<tbody>\n<tr>\n<td valign=\"top\" width=\"291\"><strong><em>N\u01a1i nh\u1eadn:<\/em><\/strong><\/p>\n<p>&#8211; Nh\u01b0 \u0110i\u1ec1u 4;<\/p>\n<p>&#8211; TT QH&amp;\u0110T TNNQG(\u0111\u1ec3 b\/c);<\/p>\n<p>&#8211; Chi b\u1ed9 Trung t\u00e2m;<\/p>\n<p>&#8211; L\u00e3nh \u0111\u1ea1o Trung t\u00e2m;<\/p>\n<p>&#8211; C\u00f4ng \u0111o\u00e0n, \u0110o\u00e0n TNCSHCM Trung t\u00e2m;<\/p>\n<p>&#8211; L\u01b0u: VT, K(15).<\/p>\n<p>&nbsp;<\/p>\n<p>&nbsp;<\/td>\n<td valign=\"top\" width=\"321\">\n<p align=\"center\"><strong>GI\u00c1M \u0110\u1ed0C<\/strong><\/p>\n<p align=\"center\"><strong>\u00a0<\/strong><\/p>\n<p>&nbsp;<\/p>\n<p align=\"center\"><strong>Nguy\u1ec5n Th\u1ecb H\u1ea1<\/strong><\/p>\n<\/td>\n<\/tr>\n<\/tbody>\n<\/table>\n<p><\/p>","protected":false},"excerpt":{"rendered":"<p>QUY\u1ebeT \u0110\u1ecaNH Quy \u0111\u1ecbnh ch\u1ee9c n\u0103ng, nhi\u1ec7m v\u1ee5, quy\u1ec1n h\u1ea1n v\u00e0 c\u01a1 c\u1ea5u t\u1ed5 ch\u1ee9c \u00a0c\u1ee7a V\u0103n ph\u00f2ng &nbsp; Ch\u00e1nh V\u0103n ph\u00f2ng: Ph\u1ea1m Qu\u1ed1c Kh\u00e1nh \u0110i\u1ec7n Tho\u1ea1i:\u00a004 32665006 Email: canhbaodubao@cewafo.gov.vn; quockhanhp@gmail.com &nbsp; \u00a0GI\u00c1M \u0110\u1ed0C TRUNG T\u00c2M \u00a0C\u1ea2NH B\u00c1O V\u00c0 D\u1ef0 B\u00c1O T\u00c0I NGUY\u00caN N\u01af\u1edaC C\u0103n c\u1ee9 Quy\u1ebft \u0111\u1ecbnh s\u1ed1 314\/Q\u0110-TNNQG ng\u00e0y 30 th\u00e1ng 12 n\u0103m 2013 c\u1ee7a T\u1ed5ng Gi\u00e1m \u0111\u1ed1c Trung t\u00e2m Quy ho\u1ea1ch v\u00e0 \u0110i\u1ec1u tra t\u00e0i nguy\u00ean n\u01b0\u1edbc qu\u1ed1c gia quy \u0111\u1ecbnh ch\u1ee9c n\u0103ng, nhi\u1ec7m v\u1ee5, quy\u1ec1n h\u1ea1n v\u00e0 c\u01a1 c\u1ea5u t\u1ed5 ch\u1ee9c c\u1ee7a Trung t\u00e2m C\u1ea3nh b\u00e1o v\u00e0 D\u1ef1 b\u00e1o t\u00e0i nguy\u00ean n\u01b0\u1edbc; X\u00e9t \u0111\u1ec1 ngh\u1ecb c\u1ee7a <\/p>\n","protected":false},"author":1,"featured_media":0,"parent":0,"menu_order":0,"comment_status":"closed","ping_status":"closed","template":"","meta":{"footnotes":""},"_links":{"self":[{"href":"https:\/\/dangtrung.io.vn\/en\/wp-json\/wp\/v2\/pages\/218"}],"collection":[{"href":"https:\/\/dangtrung.io.vn\/en\/wp-json\/wp\/v2\/pages"}],"about":[{"href":"https:\/\/dangtrung.io.vn\/en\/wp-json\/wp\/v2\/types\/page"}],"author":[{"embeddable":true,"href":"https:\/\/dangtrung.io.vn\/en\/wp-json\/wp\/v2\/users\/1"}],"replies":[{"embeddable":true,"href":"https:\/\/dangtrung.io.vn\/en\/wp-json\/wp\/v2\/comments?post=218"}],"version-history":[{"count":7,"href":"https:\/\/dangtrung.io.vn\/en\/wp-json\/wp\/v2\/pages\/218\/revisions"}],"predecessor-version":[{"id":2772,"href":"https:\/\/dangtrung.io.vn\/en\/wp-json\/wp\/v2\/pages\/218\/revisions\/2772"}],"wp:attachment":[{"href":"https:\/\/dangtrung.io.vn\/en\/wp-json\/wp\/v2\/media?parent=218"}],"curies":[{"name":"wp","href":"https:\/\/api.w.org\/{rel}","templated":true}]}}