{"id":222,"date":"2016-04-09T14:51:55","date_gmt":"2016-04-09T14:51:55","guid":{"rendered":"http:\/\/113.190.42.11:8182\/cewafo\/?page_id=222"},"modified":"2022-12-12T15:35:04","modified_gmt":"2022-12-12T08:35:04","slug":"phong-du-lieu-quan-trac-tai-nguyen-nuoc","status":"publish","type":"page","link":"https:\/\/dangtrung.io.vn\/en\/phong-du-lieu-quan-trac-tai-nguyen-nuoc\/","title":{"rendered":"Ph\u00f2ng D\u1eef li\u1ec7u quan tr\u1eafc t\u00e0i nguy\u00ean n\u01b0\u1edbc"},"content":{"rendered":"<p><\/p>\n<p style=\"text-align: center;\"><strong>QUY\u1ebeT \u0110\u1ecaNH<\/strong><\/p>\n<p style=\"text-align: center;\"><strong>Quy \u0111\u1ecbnh ch\u1ee9c n\u0103ng, nhi\u1ec7m v\u1ee5, quy\u1ec1n h\u1ea1n v\u00e0 c\u01a1 c\u1ea5u t\u1ed5 ch\u1ee9c<\/strong><\/p>\n<p style=\"text-align: center;\"><strong>\u00a0c\u1ee7a Ph\u00f2ng D\u1eef li\u1ec7u quan tr\u1eafc t\u00e0i nguy\u00ean n\u01b0\u1edbc<\/strong><\/p>\n<p><strong>\u00a0<\/strong><\/p>\n<p>Ph\u1ee5 tr\u00e1ch ph\u00f2ng: <strong>\u0110\u1eb7ng Ho\u00e0ng H\u00e0<\/strong><\/p>\n<p><strong>\u0110i\u1ec7n Tho\u1ea1i:\u00a0 04 37481413<br \/>\nEmail: <a href=\"mailto:P_dulieuquantrac@cewafo.gov.vn\">P_dulieuquantrac@cewafo.gov.vn<\/a>; <a href=\"mailto:hadangld2@gmail.com\">hadangld2@gmail.com<\/a><\/strong><\/p>\n<p>&nbsp;<\/p>\n<p style=\"text-align: center;\"><strong>GI\u00c1M \u0110\u1ed0C TRUNG T\u00c2M<\/strong><\/p>\n<p style=\"text-align: center;\"><strong>\u00a0C\u1ea2NH B\u00c1O V\u00c0 D\u1ef0 B\u00c1O T\u00c0I NGUY\u00caN N\u01af\u1edaC<\/strong><\/p>\n<p style=\"text-align: justify;\">C\u0103n c\u1ee9 Quy\u1ebft \u0111\u1ecbnh s\u1ed1 314\/Q\u0110-TNNQG ng\u00e0y 30 th\u00e1ng 12 n\u0103m 2013 c\u1ee7a T\u1ed5ng Gi\u00e1m \u0111\u1ed1c Trung t\u00e2m Quy ho\u1ea1ch v\u00e0 \u0110i\u1ec1u tra t\u00e0i nguy\u00ean n\u01b0\u1edbc qu\u1ed1c gia quy \u0111\u1ecbnh ch\u1ee9c n\u0103ng, nhi\u1ec7m v\u1ee5, quy\u1ec1n h\u1ea1n v\u00e0 c\u01a1 c\u1ea5u t\u1ed5 ch\u1ee9c c\u1ee7a Trung t\u00e2m C\u1ea3nh b\u00e1o v\u00e0 D\u1ef1 b\u00e1o t\u00e0i nguy\u00ean n\u01b0\u1edbc;<\/p>\n<p style=\"text-align: justify;\">X\u00e9t \u0111\u1ec1 ngh\u1ecb c\u1ee7a Tr\u01b0\u1edfng ph\u00f2ng D\u1eef li\u1ec7u quan tr\u1eafc t\u00e0i nguy\u00ean n\u01b0\u1edbc v\u00e0 Ch\u00e1nh V\u0103n ph\u00f2ng,<\/p>\n<p align=\"center\"><strong>QUY\u1ebeT \u0110\u1ecaNH:<\/strong><\/p>\n<p style=\"text-align: justify;\"><strong>\u0110i\u1ec1u 1. V\u1ecb tr\u00ed v\u00e0 ch\u1ee9c n\u0103ng<\/strong><\/p>\n<p style=\"text-align: justify;\">Ph\u00f2ng D\u1eef li\u1ec7u quan tr\u1eafc t\u00e0i nguy\u00ean n\u01b0\u1edbc l\u00e0 t\u1ed5 ch\u1ee9c tr\u1ef1c thu\u1ed9c Trung t\u00e2m C\u1ea3nh b\u00e1o v\u00e0 D\u1ef1 b\u00e1o t\u00e0i nguy\u00ean n\u01b0\u1edbc c\u00f3 ch\u1ee9c n\u0103ng Qu\u1ea3n l\u00fd c\u01a1 s\u1edf d\u1eef li\u1ec7u quan tr\u1eafc trong ph\u1ea1m vi c\u1ea3 n\u01b0\u1edbc, c\u1eadp nh\u1eadt, qu\u1ea3n l\u00fd c\u01a1 s\u1edf d\u1eef li\u1ec7u quan tr\u1eafc t\u00e0i nguy\u00ean n\u01b0\u1edbc; \u0110\u00e1nh gi\u00e1 ch\u1ea5t l\u01b0\u1ee3ng t\u00e0i li\u1ec7u quan tr\u1eafc, \u0111\u00e1nh gi\u00e1 k\u1ebft qu\u1ea3 ch\u1ec9nh l\u00fd, ch\u1ec9nh bi\u00ean t\u00e0i li\u1ec7u quan tr\u1eafc; Bi\u00ean so\u1ea1n Ni\u00ean gi\u00e1m, \u0111\u1eb7c tr\u01b0ng t\u00e0i nguy\u00ean n\u01b0\u1edbc.<\/p>\n<p style=\"text-align: justify;\"><strong>\u0110i\u1ec1u 2. Nhi\u1ec7m v\u1ee5 v\u00e0 quy\u1ec1n h\u1ea1n<\/strong><\/p>\n<p style=\"text-align: justify;\">1. Qu\u1ea3n l\u00fd c\u01a1 s\u1edf d\u1eef li\u1ec7u quan tr\u1eafc t\u00e0i nguy\u00ean n\u01b0\u1edbc<\/p>\n<p style=\"text-align: justify;\">a) T\u1ed5ng h\u1ee3p d\u1eef li\u1ec7u quan tr\u1eafc, gi\u00e1m s\u00e1t t\u00e0i nguy\u00ean n\u01b0\u1edbc t\u1eeb c\u00e1c \u0111\u01a1n v\u1ecb quan tr\u1eafc;<\/p>\n<p style=\"text-align: justify;\">b) C\u1eadp nh\u1eadp c\u01a1 s\u1edf d\u1eef li\u1ec7u quan tr\u1eafc, gi\u00e1m s\u00e1t t\u00e0i nguy\u00ean n\u01b0\u1edbc;<\/p>\n<p style=\"text-align: justify;\">c) L\u01b0u tr\u1eef, b\u1ea3o qu\u1ea3n c\u01a1 s\u1edf d\u1eef li\u1ec7u quan tr\u1eafc, gi\u00e1m s\u00e1t t\u00e0i nguy\u00ean n\u01b0\u1edbc theo quy \u0111\u1ecbnh.<\/p>\n<p style=\"text-align: justify;\">2. Th\u1ef1c hi\u1ec7n vi\u1ec7c ki\u1ec3m tra \u0111\u00e1nh gi\u00e1 ch\u1ea5t l\u01b0\u1ee3ng d\u1eef li\u1ec7u, \u0111\u00e1nh gi\u00e1 k\u1ebft qu\u1ea3 ch\u1ec9nh l\u00fd t\u00e0i li\u1ec7u quan tr\u1eafc;<\/p>\n<p style=\"text-align: justify;\">3. Bi\u00ean so\u1ea1n \u0111\u1eb7c tr\u01b0ng, ni\u00ean gi\u00e1m t\u00e0i nguy\u00ean n\u01b0\u1edbc;<\/p>\n<p style=\"text-align: justify;\">4. Th\u1ef1c hi\u1ec7n c\u00e1c ch\u01b0\u01a1ng tr\u00ecnh, \u0111\u1ec1 t\u00e0i nghi\u00ean c\u1ee9u, \u1ee9ng d\u1ee5ng v\u00e0 chuy\u1ec3n giao c\u00f4ng ngh\u1ec7, h\u1ee3p t\u00e1c qu\u1ed1c t\u1ebf v\u1ec1 t\u00e0i nguy\u00ean n\u01b0\u1edbc theo s\u1ef1 ph\u00e2n c\u00f4ng c\u1ee7a Gi\u00e1m \u0111\u1ed1c;<\/p>\n<p style=\"text-align: justify;\">5. Tham gia x\u00e2y d\u1ef1ng quy ho\u1ea1ch m\u1ea1ng l\u01b0\u1edbi tr\u1ea1m quan tr\u1eafc, gi\u00e1m s\u00e1t t\u00e0i nguy\u00ean n\u01b0\u1edbc d\u01b0\u1edbi \u0111\u1ea5t tr\u00ean ph\u1ea1m vi c\u1ea3 n\u01b0\u1edbc;<\/p>\n<p style=\"text-align: justify;\">6. Tham gia th\u1ef1c hi\u1ec7n c\u00e1c nhi\u1ec7m v\u1ee5 quy ho\u1ea1ch, \u0111i\u1ec1u tra c\u01a1 b\u1ea3n v\u00e0 b\u1ea3o v\u1ec7 t\u00e0i nguy\u00ean n\u01b0\u1edbc d\u01b0\u1edbi \u0111\u1ea5t; quan tr\u1eafc, gi\u00e1m s\u00e1t t\u00e0i nguy\u00ean n\u01b0\u1edbc d\u01b0\u1edbi \u0111\u1ea5t; tham gia c\u00e1c nhi\u1ec7m v\u1ee5 \u0111\u00e0o t\u1ea1o, h\u01b0\u1edbng d\u1eabn, chuy\u1ec3n giao c\u00f4ng ngh\u1ec7, t\u1eadp hu\u1ea5n chuy\u00ean m\u00f4n, nghi\u1ec7p v\u1ee5 v\u1ec1 d\u1ef1 b\u00e1o v\u00e0 c\u1ea3nh b\u00e1o t\u00e0i nguy\u00ean n\u01b0\u1edbc d\u01b0\u1edbi \u0111\u1ea5t;<\/p>\n<p style=\"text-align: justify;\">7. Tham gia th\u1ef1c hi\u1ec7n c\u00e1c ho\u1ea1t \u0111\u1ed9ng d\u1ecbch v\u1ee5 v\u1ec1 quy ho\u1ea1ch, \u0111i\u1ec1u tra, \u0111\u00e1nh gi\u00e1, khai th\u00e1c s\u1eed d\u1ee5ng t\u00e0i nguy\u00ean n\u01b0\u1edbc d\u01b0\u1edbi \u0111\u1ea5t, quan tr\u1eafc v\u00e0 d\u1ef1 b\u00e1o t\u00e0i nguy\u00ean n\u01b0\u1edbc d\u01b0\u1edbi \u0111\u1ea5t;<\/p>\n<p style=\"text-align: justify;\">8. Th\u1ed1ng k\u00ea, b\u00e1o c\u00e1o \u0111\u1ecbnh k\u1ef3 v\u00e0 \u0111\u1ed9t xu\u1ea5t t\u00ecnh h\u00ecnh th\u1ef1c hi\u1ec7n nhi\u1ec7m v\u1ee5 \u0111\u01b0\u1ee3c giao;<\/p>\n<p style=\"text-align: justify;\">9. Th\u1ef1c hi\u1ec7n c\u00e1c nhi\u1ec7m v\u1ee5 kh\u00e1c do Gi\u00e1m \u0111\u1ed1c giao.<\/p>\n<p style=\"text-align: justify;\"><strong>\u0110i\u1ec1u 3. C\u01a1 c\u1ea5u t\u1ed5 ch\u1ee9c<\/strong><\/p>\n<p style=\"text-align: justify;\">1. L\u00e3nh \u0111\u1ea1o Ph\u00f2ng:<\/p>\n<p style=\"text-align: justify;\">Ph\u00f2ng D\u1eef li\u1ec7u quan tr\u1eafc t\u00e0i nguy\u00ean n\u01b0\u1edbc c\u00f3 Tr\u01b0\u1edfng ph\u00f2ng v\u00e0 kh\u00f4ng qu\u00e1 01 Ph\u00f3 tr\u01b0\u1edfng ph\u00f2ng.<\/p>\n<p style=\"text-align: justify;\">Tr\u01b0\u1edfng ph\u00f2ng ch\u1ecbu tr\u00e1ch nhi\u1ec7m tr\u01b0\u1edbc Gi\u00e1m \u0111\u1ed1c Trung t\u00e2m v\u1ec1 c\u00e1c nhi\u1ec7m v\u1ee5 \u0111\u01b0\u1ee3c giao v\u00e0 \u0111i\u1ec1u h\u00e0nh m\u1ecdi ho\u1ea1t \u0111\u1ed9ng c\u1ee7a Ph\u00f2ng D\u1eef li\u1ec7u quan tr\u1eafc t\u00e0i nguy\u00ean n\u01b0\u1edbc.<\/p>\n<p style=\"text-align: justify;\">Ph\u00f3 tr\u01b0\u1edfng ph\u00f2ng gi\u00fap vi\u1ec7c Tr\u01b0\u1edfng ph\u00f2ng, ch\u1ecbu tr\u00e1ch nhi\u1ec7m tr\u01b0\u1edbc Tr\u01b0\u1edfng ph\u00f2ng v\u1ec1 l\u0129nh v\u1ef1c c\u00f4ng t\u00e1c \u0111\u01b0\u1ee3c ph\u00e2n c\u00f4ng.<\/p>\n<p style=\"text-align: justify;\">C\u00e1c chuy\u00ean vi\u00ean th\u1ef1c hi\u1ec7n ch\u1ebf \u0111\u1ed9 l\u00e0m vi\u1ec7c theo quy \u0111\u1ecbnh, quy ch\u1ebf hi\u1ec7n h\u00e0nh; ch\u1ecbu tr\u00e1ch nhi\u1ec7m thi h\u00e0nh v\u00e0 t\u1ed5 ch\u1ee9c tri\u1ec3n khai th\u1ef1c hi\u1ec7n nhi\u1ec7m v\u1ee5 \u0111\u01b0\u1ee3c l\u00e3nh \u0111\u1ea1o ph\u00f2ng ph\u00e2n c\u00f4ng.<\/p>\n<p style=\"text-align: justify;\"><strong>\u0110i\u1ec1u 4. <\/strong><strong>Hi\u1ec7u l\u1ef1c v\u00e0 tr\u00e1ch nhi\u1ec7m thi h\u00e0nh<\/strong><\/p>\n<p style=\"text-align: justify;\">Quy\u1ebft \u0111\u1ecbnh n\u00e0y c\u00f3 hi\u1ec7u l\u1ef1c thi h\u00e0nh k\u1ec3 t\u1eeb ng\u00e0y k\u00fd.<\/p>\n<p style=\"text-align: justify;\">Ch\u00e1nh V\u0103n ph\u00f2ng, Tr\u01b0\u1edfng c\u00e1c ph\u00f2ng chuy\u00ean m\u00f4n, nghi\u1ec7p v\u1ee5 c\u1ee7a Trung t\u00e2m ch\u1ecbu tr\u00e1ch nhi\u1ec7m thi h\u00e0nh Quy\u1ebft \u0111\u1ecbnh n\u00e0y.\/.<\/p>\n<table style=\"height: 400px;\" border=\"0\" width=\"717\" cellspacing=\"0\" cellpadding=\"0\">\n<tbody>\n<tr>\n<td valign=\"top\" width=\"291\"><strong><em>N\u01a1i nh\u1eadn:<\/em><\/strong><\/p>\n<p>&#8211; Nh\u01b0 \u0110i\u1ec1u 4;<\/p>\n<p>&#8211; TT QH&amp;\u0110T TNNQG(\u0111\u1ec3 b\/c);<\/p>\n<p>&#8211; Chi b\u1ed9 Trung t\u00e2m;<\/p>\n<p>&#8211; L\u00e3nh \u0111\u1ea1o Trung t\u00e2m;<\/p>\n<p>&#8211; C\u00f4ng \u0111o\u00e0n, \u0110o\u00e0n TNCSHCM Trung t\u00e2m;<\/p>\n<p>&#8211; L\u01b0u: VT, HH(15).<\/p>\n<p>&nbsp;<\/p>\n<p>&nbsp;<\/td>\n<td valign=\"top\" width=\"321\">\n<p align=\"center\"><strong>GI\u00c1M \u0110\u1ed0C<\/strong><\/p>\n<p align=\"center\"><strong>\u00a0<\/strong><\/p>\n<p>&nbsp;<\/p>\n<p align=\"center\"><strong>\u00a0<\/strong><\/p>\n<p align=\"center\"><strong>\u00a0<\/strong><\/p>\n<p align=\"center\"><strong>Nguy\u1ec5n Th\u1ecb H\u1ea1<\/strong><\/p>\n<\/td>\n<\/tr>\n<\/tbody>\n<\/table>\n<p><\/p>","protected":false},"excerpt":{"rendered":"<p>QUY\u1ebeT \u0110\u1ecaNH Quy \u0111\u1ecbnh ch\u1ee9c n\u0103ng, nhi\u1ec7m v\u1ee5, quy\u1ec1n h\u1ea1n v\u00e0 c\u01a1 c\u1ea5u t\u1ed5 ch\u1ee9c \u00a0c\u1ee7a Ph\u00f2ng D\u1eef li\u1ec7u quan tr\u1eafc t\u00e0i nguy\u00ean n\u01b0\u1edbc \u00a0 Ph\u1ee5 tr\u00e1ch ph\u00f2ng: \u0110\u1eb7ng Ho\u00e0ng H\u00e0 \u0110i\u1ec7n Tho\u1ea1i:\u00a0 04 37481413 Email: P_dulieuquantrac@cewafo.gov.vn; hadangld2@gmail.com &nbsp; GI\u00c1M \u0110\u1ed0C TRUNG T\u00c2M \u00a0C\u1ea2NH B\u00c1O V\u00c0 D\u1ef0 B\u00c1O T\u00c0I NGUY\u00caN N\u01af\u1edaC C\u0103n c\u1ee9 Quy\u1ebft \u0111\u1ecbnh s\u1ed1 314\/Q\u0110-TNNQG ng\u00e0y 30 th\u00e1ng 12 n\u0103m 2013 c\u1ee7a T\u1ed5ng Gi\u00e1m \u0111\u1ed1c Trung t\u00e2m Quy ho\u1ea1ch v\u00e0 \u0110i\u1ec1u tra t\u00e0i nguy\u00ean n\u01b0\u1edbc qu\u1ed1c gia quy \u0111\u1ecbnh ch\u1ee9c n\u0103ng, nhi\u1ec7m v\u1ee5, quy\u1ec1n h\u1ea1n v\u00e0 c\u01a1 c\u1ea5u t\u1ed5 ch\u1ee9c c\u1ee7a Trung t\u00e2m C\u1ea3nh b\u00e1o v\u00e0 D\u1ef1 b\u00e1o <\/p>\n","protected":false},"author":1,"featured_media":0,"parent":0,"menu_order":0,"comment_status":"closed","ping_status":"closed","template":"","meta":{"footnotes":""},"_links":{"self":[{"href":"https:\/\/dangtrung.io.vn\/en\/wp-json\/wp\/v2\/pages\/222"}],"collection":[{"href":"https:\/\/dangtrung.io.vn\/en\/wp-json\/wp\/v2\/pages"}],"about":[{"href":"https:\/\/dangtrung.io.vn\/en\/wp-json\/wp\/v2\/types\/page"}],"author":[{"embeddable":true,"href":"https:\/\/dangtrung.io.vn\/en\/wp-json\/wp\/v2\/users\/1"}],"replies":[{"embeddable":true,"href":"https:\/\/dangtrung.io.vn\/en\/wp-json\/wp\/v2\/comments?post=222"}],"version-history":[{"count":10,"href":"https:\/\/dangtrung.io.vn\/en\/wp-json\/wp\/v2\/pages\/222\/revisions"}],"predecessor-version":[{"id":2763,"href":"https:\/\/dangtrung.io.vn\/en\/wp-json\/wp\/v2\/pages\/222\/revisions\/2763"}],"wp:attachment":[{"href":"https:\/\/dangtrung.io.vn\/en\/wp-json\/wp\/v2\/media?parent=222"}],"curies":[{"name":"wp","href":"https:\/\/api.w.org\/{rel}","templated":true}]}}