{"id":268,"date":"2016-04-09T15:25:31","date_gmt":"2016-04-09T15:25:31","guid":{"rendered":"http:\/\/113.190.42.11:8182\/cewafo\/?page_id=268"},"modified":"2018-11-30T11:35:00","modified_gmt":"2018-11-30T04:35:00","slug":"lien-he","status":"publish","type":"page","link":"https:\/\/dangtrung.io.vn\/en\/lien-he\/","title":{"rendered":"Li\u00ean h\u1ec7"},"content":{"rendered":"<p><strong>T\u00ean giao d\u1ecbch ti\u1ebfng Vi\u1ec7t:<\/strong>\u00a0Trung t\u00e2m C\u1ea3nh b\u00e1o v\u00e0 D\u1ef1 b\u00e1o t\u00e0i nguy\u00ean n\u01b0\u1edbc<br \/>\n<strong>T\u00ean giao d\u1ecbch ti\u1ebfng Anh:\u00a0<\/strong>Center for Water Resources Warning and Forecast (CEWAFO)<br \/>\n<strong>\u0110\u1ecba ch\u1ec9 tr\u1ee5 s\u1edf:\u00a0<\/strong>S\u1ed1 93\/95 V\u0169 Xu\u00e2n Thi\u1ec1u, ph\u01b0\u1eddng S\u00e0i \u0110\u1ed3ng, qu\u1eadn Long Bi\u00ean, Th\u00e0nh ph\u1ed1 H\u00e0 N\u1ed9i<br \/>\n<strong>\u0110i\u1ec7n tho\u1ea1i:<\/strong> 043 7558782<br \/>\n<strong>Fax:\u00a0<\/strong>0437560034<br \/>\n<strong>Email:<\/strong> canhbaodubao@cewafo.gov.vn<\/p>","protected":false},"excerpt":{"rendered":"<p>T\u00ean giao d\u1ecbch ti\u1ebfng Vi\u1ec7t:\u00a0Trung t\u00e2m C\u1ea3nh b\u00e1o v\u00e0 D\u1ef1 b\u00e1o t\u00e0i nguy\u00ean n\u01b0\u1edbc T\u00ean giao d\u1ecbch ti\u1ebfng Anh:\u00a0Center for Water Resources Warning and Forecast (CEWAFO) \u0110\u1ecba ch\u1ec9 tr\u1ee5 s\u1edf:\u00a0S\u1ed1 93\/95 V\u0169 Xu\u00e2n Thi\u1ec1u, ph\u01b0\u1eddng S\u00e0i \u0110\u1ed3ng, qu\u1eadn Long Bi\u00ean, Th\u00e0nh ph\u1ed1 H\u00e0 N\u1ed9i \u0110i\u1ec7n tho\u1ea1i: 043 7558782 Fax:\u00a00437560034 Email: canhbaodubao@cewafo.gov.vn<\/p>\n","protected":false},"author":1,"featured_media":0,"parent":0,"menu_order":0,"comment_status":"closed","ping_status":"closed","template":"","meta":{"footnotes":""},"_links":{"self":[{"href":"https:\/\/dangtrung.io.vn\/en\/wp-json\/wp\/v2\/pages\/268"}],"collection":[{"href":"https:\/\/dangtrung.io.vn\/en\/wp-json\/wp\/v2\/pages"}],"about":[{"href":"https:\/\/dangtrung.io.vn\/en\/wp-json\/wp\/v2\/types\/page"}],"author":[{"embeddable":true,"href":"https:\/\/dangtrung.io.vn\/en\/wp-json\/wp\/v2\/users\/1"}],"replies":[{"embeddable":true,"href":"https:\/\/dangtrung.io.vn\/en\/wp-json\/wp\/v2\/comments?post=268"}],"version-history":[{"count":4,"href":"https:\/\/dangtrung.io.vn\/en\/wp-json\/wp\/v2\/pages\/268\/revisions"}],"predecessor-version":[{"id":687,"href":"https:\/\/dangtrung.io.vn\/en\/wp-json\/wp\/v2\/pages\/268\/revisions\/687"}],"wp:attachment":[{"href":"https:\/\/dangtrung.io.vn\/en\/wp-json\/wp\/v2\/media?parent=268"}],"curies":[{"name":"wp","href":"https:\/\/api.w.org\/{rel}","templated":true}]}}